{"id":150,"date":"2022-03-28T19:43:39","date_gmt":"2022-03-28T19:43:39","guid":{"rendered":"http:\/\/demo.themesuite.com\/automotive-wp\/?page_id=2"},"modified":"2025-07-17T00:08:23","modified_gmt":"2025-07-17T00:08:23","slug":"terminos-de-servicio","status":"publish","type":"page","link":"https:\/\/digitallmotors.com\/es_mx\/terminos-de-servicio\/","title":{"rendered":"T\u00c9RMINOS DE SERVICIO"},"content":{"rendered":"<div class=\"wpb-content-wrapper\"><div class=\"vc_row wpb_row vc_row-fluid\"><\/div><div class=\"wpb_column vc_column_container vc_col-sm-12\"><div class=\"vc_column-inner\"><div class=\"wpb_wrapper\"><\/div><\/div><\/div>\n\t<div class=\"wpb_text_column wpb_content_element\" >\n\t\t<div class=\"wpb_wrapper\">\n\t\t\t\n\t\t<\/div>\n\t<\/div>\n<h3>T\u00c9RMINOS DE SERVICIO<\/h3>\n<p>Bienvenido a Digitall Motors. Por favor, lea cuidadosamente los presentes t\u00e9rminos y condiciones de servicio (en lo sucesivo los \u201cT\u00e9rminos de Servicio\u201d o los \u201cT\u00e9rminos\u201d), ya que los mismos regir\u00e1n la relaci\u00f3n entre Usted y Digitall Motors (junto con las Comisiones Mercantiles que, en su momento, Usted otorgue a Digitall Motors). Digitall Motors presta sus servicios mediante una o m\u00e1s aplicaciones m\u00f3viles y el sitio en internet ubicado en www.digitallmotors.com (en lo sucesivo el \u201cPortal\u201d). Nuestro Portal y nuestras aplicaciones est\u00e1n disponibles para personas f\u00edsicas o morales que deseen enajenar o adquirir los derechos de propiedad de uno o varios autom\u00f3viles.<\/p>\n<p><strong>PRIMERO. \u2013 ACEPTACI\u00d3N DE LOS T\u00c9RMINOS DE SERVICIO<\/strong>. \u2013 La relaci\u00f3n comercial y jur\u00eddica entre Digitall Motors, S.A. de C.V. (en lo sucesivo \u201cDigitall Motors\u201d) y Usted, como usuario del Portal, est\u00e1 regida por (i) los presentes T\u00e9rminos de Servicio y (ii) los Contratos que se lleguen a celebrar entre Usted y Digitall Motors con motivo de los Servicios.<\/p>\n<p>Usted deber\u00e1 leer y entender los presentes T\u00e9rminos de Servicio. Si no est\u00e1 de acuerdo con cualquiera de los t\u00e9rminos y\/o condiciones aqu\u00ed previstos y\/o con los contratos que Digitall Motors le solicite celebrar para la prestaci\u00f3n de los Servicios, deber\u00e1 dejar de usar el Portal y dejar de recibir los Servicios de inmediato. Si contin\u00faa usando el Portal y\/o suscribe alguno de los contratos que Digitall Motors le solicite para la prestaci\u00f3n de los Servicios, Usted manifiesta su consentimiento expreso y pleno para sujetarse a estos T\u00e9rminos de Servicio, as\u00ed como a los t\u00e9rminos previstos en los contratos que suscriba.<\/p>\n<p>El hecho de seleccionar dentro del Portal cualquiera de las opciones \u201cQUIERO COMPRAR ESE AUTO\u201d, \u201cQUIERO SEPARAR ESE AUTO\u201d o \u201cQUIERO VENDER MI AUTO\u201d constituye una aceptaci\u00f3n expresa e irrevocable de los presentes T\u00e9rminos de Servicio, as\u00ed como de los t\u00e9rminos y condiciones del contrato de comisi\u00f3n mercantil correspondiente que Digitall Motors pone a su disposici\u00f3n para suscripci\u00f3n.<\/p>\n<p><strong>SEGUNDO. \u2013 LOS SERVICIOS<\/strong>. \u2013 Digitall Motors administra el Portal mediante el cual presta los servicios consistentes en: (i) publicar autom\u00f3viles de sus comitentes para venta; (ii) tomar y publicar fotograf\u00edas de los autom\u00f3viles; (iii) contratar los servicios de un taller mec\u00e1nico para evaluar las condiciones de los autom\u00f3viles a ser publicados; (iv) facilitar que potenciales compradores puedan revisar y realizar pruebas de manejo; (v) revisar en los portales oficiales si el autom\u00f3vil en venta tiene o no reporte de robo; (vi) facilitar a los vendedores la venta del autom\u00f3vil; (vii) recibir el pago del comprador bajo una comisi\u00f3n mercantil y entregarlo al vendedor; (viii) facilitar el cambio de propietario ante las autoridades correspondientes; (ix) facilitar la entrega f\u00edsica del autom\u00f3vil al comprador una vez realizado todo lo anterior; y (x) en general, todas aquellas actividades y servicios encaminados a participar como intermediario en la compraventa de autom\u00f3viles usados (en lo sucesivo, los \u201cServicios\u201d).<\/p>\n<p><strong>TERCERO. \u2013 COMISI\u00d3N MERCANTIL<\/strong>. \u2013 Para recibir los Servicios, Usted deber\u00e1 suscribir un Contrato de Comisi\u00f3n Mercantil mediante el cual otorgar\u00e1 un mandato mercantil a favor de Digitall Motors para que \u00e9sta, en nombre y por cuenta de Usted, lleve a cabo la compra o venta del autom\u00f3vil correspondiente (seg\u00fan sea el caso). En caso de recibir los Servicios sin suscribir el Contrato de Comisi\u00f3n Mercantil, Usted acepta sujetarse a los t\u00e9rminos y condiciones del formato disponible en el Portal, as\u00ed como a los presentes T\u00e9rminos de Servicio.<\/p>\n<p><strong>CUARTO. \u2013 CONTRAPRESTACI\u00d3N<\/strong>. \u2013 El uso del Portal tiene un costo para Usted cuando se utiliza para vender un autom\u00f3vil. Dicho costo es la cantidad establecida como contraprestaci\u00f3n en la Comisi\u00f3n Mercantil y en las comunicaciones que se le env\u00eden por correo electr\u00f3nico. Usted acepta y se obliga a pagar toda contraprestaci\u00f3n derivada de los Servicios de venta. La falta de pago ser\u00e1 un incumplimiento y Digitall Motors podr\u00e1 ejercer todas las acciones legales disponibles para obtener el pago.<\/p>\n<p><strong>QUINTO. \u2013 MEDIOS DE PAGO Y COMISIONES<\/strong>.<\/p>\n<p>(a) Medios de Pago. \u2013 El Portal establecer\u00e1 diversos medios de pago, tanto para recibir el pago de contraprestaciones como para recibir los recursos a ser provistos por Usted como comitente a favor de Digitall Motors como comisionista, para que (i) Digitall Motors adquiera en su nombre el autom\u00f3vil seleccionado o (ii) Digitall Motors realice cualquier acto conveniente respecto del autom\u00f3vil en su nombre cuando Usted sea el vendedor (incluyendo limpieza, detallado, pago de multas, derechos, impuestos, servicios mec\u00e1nicos, fotograf\u00edas, reabastecimiento de combustible, seguros, etc.).<\/p>\n<p>(b) Comisiones. \u2013 En caso de que alg\u00fan medio para recibir los recursos cobre o deduzca alguna comisi\u00f3n, o por cualquier motivo Digitall Motors no reciba la cantidad completa para pagar el precio del autom\u00f3vil o servicios correspondientes, Usted deber\u00e1 transferir fondos suficientes para que la cantidad recibida sea la establecida como precio despu\u00e9s de deducciones o comisiones aplicadas.<\/p>\n<p><strong>SEXTO. \u2013 PRECIO DEL AUTOM\u00d3VIL EN VENTA<\/strong>. \u2013 Al listar su autom\u00f3vil en venta, Usted y Digitall Motors deber\u00e1n acordar el precio de oferta. Usted acepta que Digitall Motors podr\u00e1 modificar el precio de oferta por cualquiera de los siguientes motivos: (i) depreciaci\u00f3n normal mensual seg\u00fan publicaciones especializadas (ejemplo: Libro Azul, Gu\u00eda Autom\u00e9trica, etc.); (ii) an\u00e1lisis de inter\u00e9s en el autom\u00f3vil (tr\u00e1fico, llamadas, mensajes) que indiquen un precio por encima del valor de mercado; y (iii) si un potencial comprador hace una oferta inferior. Usted autoriza a Digitall Motors a realizar el ajuste de precio de acuerdo con publicaciones especializadas. En los casos (ii) y (iii), Digitall Motors le informar\u00e1 del cambio de precio propuesto por correo electr\u00f3nico, y Usted podr\u00e1 aceptarlo o rechazarlo por ese medio.<\/p>\n<p><strong>S\u00c9PTIMO. \u2013 OBLIGACIONES DEL VENDEDOR<\/strong>. \u2013 Usted, como vendedor, se obliga a: (a) cumplir estos T\u00e9rminos de Servicio y el Contrato de Comisi\u00f3n Mercantil celebrado con Digitall Motors o el formato publicado en el Portal; (b) pagar a Digitall Motors toda cantidad pactada en la Comisi\u00f3n Mercantil, incluyendo cuotas para lavado, detallado, reparaci\u00f3n, multas, impuestos, derechos y honorarios para fotograf\u00eda del autom\u00f3vil; (c) reembolsar gastos de limpieza y gasolina relacionados con pruebas de manejo; (d) no ofrecer en venta el autom\u00f3vil fuera del Portal mientras est\u00e9 listado; (e) mantener el autom\u00f3vil asegurado y con mantenimiento ordinario; (f) informar de inmediato a Digitall Motors si un potencial comprador (originado por la plataforma) le contacta por cualquier motivo, incluyendo intenci\u00f3n de compra fuera del Portal; (g) contactar de inmediato a Digitall Motors en caso de cualquier mala experiencia durante el proceso; (h) proporcionar toda la informaci\u00f3n y documentaci\u00f3n necesaria para el cambio de propietario.<\/p>\n<p><strong>OCTAVO. \u2013 OBLIGACIONES DEL COMPRADOR<\/strong>. \u2013 Usted, como comprador, se obliga a: (a) cumplir estos T\u00e9rminos de Servicio y el Contrato de Comisi\u00f3n Mercantil celebrado con Digitall Motors; (b) pagar a Digitall Motors toda cantidad pactada, incluyendo la cuota para separaci\u00f3n del autom\u00f3vil; (c) llevar toda la comunicaci\u00f3n relativa a la compra por medio de Digitall Motors y abstenerse de contactar al propietario durante el proceso; (d) informar a Digitall Motors si el propietario le contacta por cualquier motivo; (e) portar licencia de conducir vigente para cualquier prueba de manejo y abstenerse de conducir bajo el influjo de sustancias; (f) contactar de inmediato a Digitall Motors en caso de cualquier mala experiencia.<\/p>\n<p><strong>NOVENO. \u2013 OBLIGACIONES DE NO HACER<\/strong>. \u2013 Usted se obliga frente a Digitall Motors a abstenerse de: (i) publicar contenido que infrinja derechos de propiedad intelectual o industrial, induzca a quebrantar la ley, sea fraudulento, obsceno, promueva la discriminaci\u00f3n, violencia o actividades ilegales; (ii) utilizar, mostrar o enmarcar los Servicios, nombres, marcas, logotipos, dise\u00f1o del Portal o cualquier elemento propiedad de Digitall Motors sin autorizaci\u00f3n; (iii) utilizar \u00e1reas no p\u00fablicas del Portal; (iv) intentar violar la seguridad del Portal; (v) desactivar o decodificar salvaguardas tecnol\u00f3gicas del Portal; (vi) descargar o acceder al contenido mediante herramientas no autorizadas; (vii) enviar spam o material no solicitado; (viii) usar datos o logotipos del Portal sin permiso; (ix) enviar correos haci\u00e9ndose pasar por Digitall Motors; (x) decompilar o extraer software; (xi) interferir con el Portal o Servicios; (xii) recolectar informaci\u00f3n personal de usuarios; (xiii) hacerse pasar por otra persona; (xiv) violar la ley; y\/o (xv) inducir a terceros a realizar cualquier acci\u00f3n prohibida.<\/p>\n<p><strong>D\u00c9CIMO. \u2013 RESPONSABILIDAD<\/strong>. \u2013 Usted reconoce y entiende que los Servicios de Digitall Motors consisten en ofrecer una plataforma para compra-venta de autom\u00f3viles usados y no en vender ni certificar veh\u00edculos. Digitall Motors no es responsable por condiciones mec\u00e1nicas, f\u00edsicas, t\u00e9cnicas, comerciales o legales de los autom\u00f3viles listados en el Portal. Digitall Motors \u00fanicamente ser\u00e1 responsable de da\u00f1os directos e inmediatos causados por dolo o fraude, y el l\u00edmite de responsabilidad ser\u00e1 la contraprestaci\u00f3n recibida por sus Servicios, no el precio del veh\u00edculo. Digitall Motors no responder\u00e1 por da\u00f1os derivados de actos de terceros, usuarios, comitentes o proveedores. Si Usted entrega su autom\u00f3vil a Digitall Motors para cualquier tr\u00e1mite, entiende que lo hace bajo comisi\u00f3n mercantil y que el seguro contratado ser\u00e1 su \u00fanica fuente de cobertura.<\/p>\n<p><strong>D\u00c9CIMO PRIMERO. \u2013 INDEMNIZACI\u00d3N<\/strong>. \u2013 Al usar los Servicios, Usted se obliga a indemnizar y sacar en paz y a salvo a Digitall Motors y sus accionistas, socios, empleados, clientes, socios comerciales y colaboradores, de todo da\u00f1o, perjuicio, costo, p\u00e9rdida o demanda derivada del incumplimiento de estos T\u00e9rminos, de contratos celebrados con Digitall Motors, de informaci\u00f3n falsa, incompleta o enga\u00f1osa, o de la oferta de veh\u00edculos robados, de terceros o con grav\u00e1menes. Usted libera irrevocablemente a Digitall Motors y a su personal de toda responsabilidad por la venta de autom\u00f3viles con alg\u00fan vicio o derecho preferente de terceros.<\/p>\n<p><strong>D\u00c9CIMO SEGUNDO. \u2013 ERROR<\/strong> <strong>MANIFIESTO.<\/strong> \u2013 En caso de que un autom\u00f3vil est\u00e9 listado a un precio evidentemente err\u00f3neo, se considerar\u00e1 no listado hasta que el error sea corregido. El Portal puede contener errores tipogr\u00e1ficos o fotogr\u00e1ficos y Digitall Motors no garantiza que todo el contenido sea correcto, completo o est\u00e9 actualizado. Digitall Motors podr\u00e1 modificar el contenido en cualquier momento.<\/p>\n<p><strong>D\u00c9CIMO TERCERO. \u2013 RETROALIMENTACI\u00d3N<\/strong>. \u2013 Todo comentario, sugerencia o retroalimentaci\u00f3n para mejorar los Servicios y el Portal es bienvenida. Si Usted comparte alguna idea o sugerencia que se incorpore, otorga a Digitall Motors una licencia perpetua, gratuita, mundial, irrevocable e ilimitada sobre dicha propiedad intelectual o industrial.<\/p>\n<p><strong>D\u00c9CIMO CUARTO. \u2013 CONTENIDO Y DERECHOS<\/strong>. \u2013 Usted reconoce que Digitall Motors es propietario del Portal y de su contenido, protegido por derechos de propiedad intelectual e industrial. Digitall Motors le otorga a Usted una licencia no exclusiva, no sublicenciable, intransferible y revocable para usar el Portal exclusivamente para recibir los Servicios. No deber\u00e1 eliminar, modificar ni ocultar avisos de propiedad intelectual del Portal. Usted otorga a Digitall Motors licencia perpetua, gratuita, mundial e irrevocable sobre cualquier contenido o informaci\u00f3n intelectual que suba al Portal.<\/p>\n<p><strong>D\u00c9CIMO QUINTO. \u2013 MODIFICACIONES<\/strong>. \u2013 Estos T\u00e9rminos de Servicio son aplicables a todas las relaciones entre Digitall Motors y los usuarios. Digitall Motors podr\u00e1 modificarlos mediante publicaci\u00f3n en el Portal; Usted acepta que los nuevos t\u00e9rminos ser\u00e1n aplicables desde su publicaci\u00f3n. Si no est\u00e1 de acuerdo con las modificaciones, deber\u00e1 dejar de utilizar el Portal.<\/p>\n<p><strong>D\u00c9CIMO SEXTO. \u2013 REGISTRO Y DATOS PERSONALES<\/strong>. \u2013 Al registrarse y usar los Servicios, Usted proporcionar\u00e1 datos personales. Deber\u00e1 leer nuestro aviso de privacidad en www.digitallmotors.com\/aviso-de-privacidad. Si acepta el uso de sus datos conforme al aviso, podr\u00e1 usar los Servicios. En caso contrario, deber\u00e1 dejar de utilizar el Portal y los Servicios de inmediato.<\/p>\n<p><strong>D\u00c9CIMO S\u00c9PTIMO. \u2013 CONTRATACI\u00d3N DE TERCEROS<\/strong>. \u2013 Digitall Motors contrata a terceros para la prestaci\u00f3n de algunos Servicios, como inspecci\u00f3n, fotograf\u00eda, gestor\u00eda, servicios mec\u00e1nicos, suministro de combustible, lavado y detallado de veh\u00edculos, entre otros. Dichos terceros responder\u00e1n por los da\u00f1os y perjuicios que sus actos ocasionen a Usted, y Digitall Motors colaborar\u00e1 para que subsanen los da\u00f1os ocasionados.<\/p>\n<p><strong>D\u00c9CIMO OCTAVO. \u2013 JURISDICCI\u00d3N Y COMPETENCIA<\/strong>. \u2013 Al utilizar el Portal y\/o los Servicios, Usted y Digitall Motors se sujetan irrevocablemente a la Legislaci\u00f3n Federal Mexicana y a la jurisdicci\u00f3n de los tribunales del Fuero Com\u00fan ubicados en la Ciudad de Monterrey, Nuevo Le\u00f3n, M\u00e9xico.<\/p>\n<p>Monterrey (81) 1952-7640, (81) 1934-1579.<div class=\"vc_row wpb_row vc_row-fluid\"><\/div><div class=\"wpb_column vc_column_container vc_col-sm-12\"><div class=\"vc_column-inner\"><div class=\"wpb_wrapper\"><\/div><\/div><\/div>\n\t<div class=\"wpb_text_column wpb_content_element\" >\n\t\t<div class=\"wpb_wrapper\">\n\t\t\t\n\t\t<\/div>\n\t<\/div>\n<\/div>","protected":false},"excerpt":{"rendered":"<p>T\u00c9RMINOS DE SERVICIO <\/p>\n<p>Bienvenido a Digitall Motors. Por favor, lea cuidadosamente los presentes t\u00e9rminos y condiciones de servicio (en lo sucesivo los \u201cT\u00e9rminos de Servicio\u201d o los \u201cT\u00e9rminos\u201d), ya que los mismos regir\u00e1n la relaci\u00f3n entre Usted y Digitall Motors (junto con las Comisiones Mercantiles que, en su momento, Usted otorgue a Digitall Motors). Digitall Motors presta sus servicios mediante una o m\u00e1s aplicaciones m\u00f3viles y el sitio en internet ubicado en www.digitallmotors.com (en lo sucesivo el \u201cPortal\u201d). Nuestro Portal y nuestras aplicaciones est\u00e1n disponibles para personas f\u00edsicas o morales que deseen enajenar o adquirir los derechos de propiedad de uno o varios autom\u00f3viles.<\/p>\n<p><strong>PRIMERO. \u2013 ACEPTACI\u00d3N DE LOS T\u00c9RMINOS DE SERVICIO<\/strong>. \u2013 La relaci\u00f3n comercial y jur\u00eddica entre Digitall Motors, S.A. de C.V. (en lo sucesivo \u201cDigitall Motors\u201d) y Usted, como usuario del Portal, est\u00e1 regida por (i) los presentes T\u00e9rminos de Servicio y (ii) los Contratos que se lleguen a celebrar entre Usted [&#8230;]<\/p>\n","protected":false},"author":1,"featured_media":0,"parent":0,"menu_order":0,"comment_status":"closed","ping_status":"closed","template":"","meta":{"footnotes":""},"class_list":["post-150","page","type-page","status-publish","hentry"],"_links":{"self":[{"href":"https:\/\/digitallmotors.com\/es_mx\/wp-json\/wp\/v2\/pages\/150","targetHints":{"allow":["GET"]}}],"collection":[{"href":"https:\/\/digitallmotors.com\/es_mx\/wp-json\/wp\/v2\/pages"}],"about":[{"href":"https:\/\/digitallmotors.com\/es_mx\/wp-json\/wp\/v2\/types\/page"}],"author":[{"embeddable":true,"href":"https:\/\/digitallmotors.com\/es_mx\/wp-json\/wp\/v2\/users\/1"}],"replies":[{"embeddable":true,"href":"https:\/\/digitallmotors.com\/es_mx\/wp-json\/wp\/v2\/comments?post=150"}],"version-history":[{"count":5,"href":"https:\/\/digitallmotors.com\/es_mx\/wp-json\/wp\/v2\/pages\/150\/revisions"}],"predecessor-version":[{"id":5352,"href":"https:\/\/digitallmotors.com\/es_mx\/wp-json\/wp\/v2\/pages\/150\/revisions\/5352"}],"wp:attachment":[{"href":"https:\/\/digitallmotors.com\/es_mx\/wp-json\/wp\/v2\/media?parent=150"}],"curies":[{"name":"wp","href":"https:\/\/api.w.org\/{rel}","templated":true}]}}