{"id":159,"date":"2017-09-11T13:59:23","date_gmt":"2017-09-11T17:59:23","guid":{"rendered":"http:\/\/demo.themesuite.com\/automotive-wp\/?page_id=207"},"modified":"2020-12-15T02:21:36","modified_gmt":"2020-12-15T02:21:36","slug":"4-listing-comparision","status":"publish","type":"page","link":"https:\/\/digitallmotors.com\/es_mx\/4-listing-comparision\/","title":{"rendered":"4 Listing Comparision"},"content":{"rendered":"<div class=\"wpb-content-wrapper\"><div class=\"vc_row wpb_row vc_row-fluid\"><div class=\"wpb_column vc_column_container vc_col-sm-12\"><div class=\"vc_column-inner\"><div class=\"wpb_wrapper\"><div class='row total_4'><div class='col-lg-3 col-md-6'>\r\n    <div class=\"comparison-container margin-bottom-25\">\r\n        <div class=\"comparison-header\"><span><\/span>\r\n          <strong><\/strong>\r\n\t\t\t\t<\/div>\r\n        <div class=\"comparison-img\">\r\n\t\t\t\t\t<img decoding=\"async\" src=\"\" alt=\"\" class=\"no_border\">\r\n\t\t\t\t<\/div>\r\n        <div class=\"car-detail clearfix\">\r\n            <div class=\"table-responsive\">\r\n              <table class=\"table comparison\">\r\n                  <tbody>\r\n\t\t\t\t\t\t\t\t\t\t<tr><td>A\u00f1o: <\/td><td>Ninguno<\/td><\/tr><tr><td>Marca: <\/td><td>Ninguno<\/td><\/tr><tr><td>Modelo: <\/td><td>Ninguno<\/td><\/tr><tr><td>Estilo de Carrocer\u00eda: <\/td><td>Ninguno<\/td><\/tr><tr><td>kilometro: <\/td><td>Ninguno<\/td><\/tr><tr><td>Transmisi\u00f3n: <\/td><td>Ninguno<\/td><\/tr><tr><td>Econom\u00eda de Combustible: <\/td><td>Ninguno<\/td><\/tr><tr><td>Condicion: <\/td><td>Ninguno<\/td><\/tr><tr><td>Ubicaci\u00f3n: <\/td><td>Ninguno<\/td><\/tr><tr><td>Precio: <\/td><td>Ninguno<\/td><\/tr><tr><td>Tren motriz: <\/td><td>Ninguno<\/td><\/tr><tr><td>Motor: <\/td><td>Ninguno<\/td><\/tr><tr><td>Color Exterior: <\/td><td>Ninguno<\/td><\/tr><tr><td>Color Interior: <\/td><td>Ninguno<\/td><\/tr><tr><td>KPL: <\/td><td>Ninguno<\/td><\/tr><tr><td>Numero de Stock: <\/td><td>Ninguno<\/td><\/tr><tr><td>Numero VIN: <\/td><td>Ninguno<\/td><\/tr><tr><td>: <\/td><td>Ninguno<\/td><\/tr>\t                  <tr>\r\n\t                      <td>OPCIONES:<\/td>\r\n\t                      <td><\/td>\r\n\t                  <\/tr>\r\n                  <\/tbody>\r\n              <\/table>\r\n            <\/div>\r\n            <div class=\"option-tick-list clearfix\">\r\n                <div class=\"container\">\r\n                    <div class=\"row\">\r\n\t\t\t\t\t\t\t\t\t\t\t<ul class='empty'><li>Sin embargo, No hay opciones<\/li><\/ul>                    <\/div>\r\n                <\/div>\r\n            <\/div>\r\n            <div class=\"comparison-footer margin-top-25 padding-top-20 padding-bottom-15\">\r\n                <a href=\"\" class=\"button-link\">Ver Listado<\/a>\r\n            <\/div>\r\n        <\/div>\r\n    <\/div>\r\n<\/div><div class='col-lg-3 col-md-6'>\r\n    <div class=\"comparison-container margin-bottom-25\">\r\n        <div class=\"comparison-header\"><span><\/span>\r\n          <strong><\/strong>\r\n\t\t\t\t<\/div>\r\n        <div class=\"comparison-img\">\r\n\t\t\t\t\t<img decoding=\"async\" src=\"\" alt=\"\" class=\"no_border\">\r\n\t\t\t\t<\/div>\r\n        <div class=\"car-detail clearfix\">\r\n            <div class=\"table-responsive\">\r\n              <table class=\"table comparison\">\r\n                  <tbody>\r\n\t\t\t\t\t\t\t\t\t\t<tr><td>A\u00f1o: <\/td><td>Ninguno<\/td><\/tr><tr><td>Marca: <\/td><td>Ninguno<\/td><\/tr><tr><td>Modelo: <\/td><td>Ninguno<\/td><\/tr><tr><td>Estilo de Carrocer\u00eda: <\/td><td>Ninguno<\/td><\/tr><tr><td>kilometro: <\/td><td>Ninguno<\/td><\/tr><tr><td>Transmisi\u00f3n: <\/td><td>Ninguno<\/td><\/tr><tr><td>Econom\u00eda de Combustible: <\/td><td>Ninguno<\/td><\/tr><tr><td>Condicion: <\/td><td>Ninguno<\/td><\/tr><tr><td>Ubicaci\u00f3n: <\/td><td>Ninguno<\/td><\/tr><tr><td>Precio: <\/td><td>Ninguno<\/td><\/tr><tr><td>Tren motriz: <\/td><td>Ninguno<\/td><\/tr><tr><td>Motor: <\/td><td>Ninguno<\/td><\/tr><tr><td>Color Exterior: <\/td><td>Ninguno<\/td><\/tr><tr><td>Color Interior: <\/td><td>Ninguno<\/td><\/tr><tr><td>KPL: <\/td><td>Ninguno<\/td><\/tr><tr><td>Numero de Stock: <\/td><td>Ninguno<\/td><\/tr><tr><td>Numero VIN: <\/td><td>Ninguno<\/td><\/tr><tr><td>: <\/td><td>Ninguno<\/td><\/tr>\t                  <tr>\r\n\t                      <td>OPCIONES:<\/td>\r\n\t                      <td><\/td>\r\n\t                  <\/tr>\r\n                  <\/tbody>\r\n              <\/table>\r\n            <\/div>\r\n            <div class=\"option-tick-list clearfix\">\r\n                <div class=\"container\">\r\n                    <div class=\"row\">\r\n\t\t\t\t\t\t\t\t\t\t\t<ul class='empty'><li>Sin embargo, No hay opciones<\/li><\/ul>                    <\/div>\r\n                <\/div>\r\n            <\/div>\r\n            <div class=\"comparison-footer margin-top-25 padding-top-20 padding-bottom-15\">\r\n                <a href=\"\" class=\"button-link\">Ver Listado<\/a>\r\n            <\/div>\r\n        <\/div>\r\n    <\/div>\r\n<\/div><div class='col-lg-3 col-md-6'>\r\n    <div class=\"comparison-container margin-bottom-25\">\r\n        <div class=\"comparison-header\"><span><\/span>\r\n          <strong><\/strong>\r\n\t\t\t\t<\/div>\r\n        <div class=\"comparison-img\">\r\n\t\t\t\t\t<img decoding=\"async\" src=\"\" alt=\"\" class=\"no_border\">\r\n\t\t\t\t<\/div>\r\n        <div class=\"car-detail clearfix\">\r\n            <div class=\"table-responsive\">\r\n              <table class=\"table comparison\">\r\n                  <tbody>\r\n\t\t\t\t\t\t\t\t\t\t<tr><td>A\u00f1o: <\/td><td>Ninguno<\/td><\/tr><tr><td>Marca: <\/td><td>Ninguno<\/td><\/tr><tr><td>Modelo: <\/td><td>Ninguno<\/td><\/tr><tr><td>Estilo de Carrocer\u00eda: <\/td><td>Ninguno<\/td><\/tr><tr><td>kilometro: <\/td><td>Ninguno<\/td><\/tr><tr><td>Transmisi\u00f3n: <\/td><td>Ninguno<\/td><\/tr><tr><td>Econom\u00eda de Combustible: <\/td><td>Ninguno<\/td><\/tr><tr><td>Condicion: <\/td><td>Ninguno<\/td><\/tr><tr><td>Ubicaci\u00f3n: <\/td><td>Ninguno<\/td><\/tr><tr><td>Precio: <\/td><td>Ninguno<\/td><\/tr><tr><td>Tren motriz: <\/td><td>Ninguno<\/td><\/tr><tr><td>Motor: <\/td><td>Ninguno<\/td><\/tr><tr><td>Color Exterior: <\/td><td>Ninguno<\/td><\/tr><tr><td>Color Interior: <\/td><td>Ninguno<\/td><\/tr><tr><td>KPL: <\/td><td>Ninguno<\/td><\/tr><tr><td>Numero de Stock: <\/td><td>Ninguno<\/td><\/tr><tr><td>Numero VIN: <\/td><td>Ninguno<\/td><\/tr><tr><td>: <\/td><td>Ninguno<\/td><\/tr>\t                  <tr>\r\n\t                      <td>OPCIONES:<\/td>\r\n\t                      <td><\/td>\r\n\t                  <\/tr>\r\n                  <\/tbody>\r\n              <\/table>\r\n            <\/div>\r\n            <div class=\"option-tick-list clearfix\">\r\n                <div class=\"container\">\r\n                    <div class=\"row\">\r\n\t\t\t\t\t\t\t\t\t\t\t<ul class='empty'><li>Sin embargo, No hay opciones<\/li><\/ul>                    <\/div>\r\n                <\/div>\r\n            <\/div>\r\n            <div class=\"comparison-footer margin-top-25 padding-top-20 padding-bottom-15\">\r\n                <a href=\"\" class=\"button-link\">Ver Listado<\/a>\r\n            <\/div>\r\n        <\/div>\r\n    <\/div>\r\n<\/div><div class='col-lg-3 col-md-6'>\r\n    <div class=\"comparison-container margin-bottom-25\">\r\n        <div class=\"comparison-header\"><span><\/span>\r\n          <strong><\/strong>\r\n\t\t\t\t<\/div>\r\n        <div class=\"comparison-img\">\r\n\t\t\t\t\t<img decoding=\"async\" src=\"\" alt=\"\" class=\"no_border\">\r\n\t\t\t\t<\/div>\r\n        <div class=\"car-detail clearfix\">\r\n            <div class=\"table-responsive\">\r\n              <table class=\"table comparison\">\r\n                  <tbody>\r\n\t\t\t\t\t\t\t\t\t\t<tr><td>A\u00f1o: <\/td><td>Ninguno<\/td><\/tr><tr><td>Marca: <\/td><td>Ninguno<\/td><\/tr><tr><td>Modelo: <\/td><td>Ninguno<\/td><\/tr><tr><td>Estilo de Carrocer\u00eda: <\/td><td>Ninguno<\/td><\/tr><tr><td>kilometro: <\/td><td>Ninguno<\/td><\/tr><tr><td>Transmisi\u00f3n: <\/td><td>Ninguno<\/td><\/tr><tr><td>Econom\u00eda de Combustible: <\/td><td>Ninguno<\/td><\/tr><tr><td>Condicion: <\/td><td>Ninguno<\/td><\/tr><tr><td>Ubicaci\u00f3n: <\/td><td>Ninguno<\/td><\/tr><tr><td>Precio: <\/td><td>Ninguno<\/td><\/tr><tr><td>Tren motriz: <\/td><td>Ninguno<\/td><\/tr><tr><td>Motor: <\/td><td>Ninguno<\/td><\/tr><tr><td>Color Exterior: <\/td><td>Ninguno<\/td><\/tr><tr><td>Color Interior: <\/td><td>Ninguno<\/td><\/tr><tr><td>KPL: <\/td><td>Ninguno<\/td><\/tr><tr><td>Numero de Stock: <\/td><td>Ninguno<\/td><\/tr><tr><td>Numero VIN: <\/td><td>Ninguno<\/td><\/tr><tr><td>: <\/td><td>Ninguno<\/td><\/tr>\t                  <tr>\r\n\t                      <td>OPCIONES:<\/td>\r\n\t                      <td><\/td>\r\n\t                  <\/tr>\r\n                  <\/tbody>\r\n              <\/table>\r\n            <\/div>\r\n            <div class=\"option-tick-list clearfix\">\r\n                <div class=\"container\">\r\n                    <div class=\"row\">\r\n\t\t\t\t\t\t\t\t\t\t\t<ul class='empty'><li>Sin embargo, No hay opciones<\/li><\/ul>                    <\/div>\r\n                <\/div>\r\n            <\/div>\r\n            <div class=\"comparison-footer margin-top-25 padding-top-20 padding-bottom-15\">\r\n                <a href=\"\" class=\"button-link\">Ver Listado<\/a>\r\n            <\/div>\r\n        <\/div>\r\n    <\/div>\r\n<\/div><\/div><\/div><\/div><\/div><\/div>\n<\/div>","protected":false},"excerpt":{"rendered":"A\u00f1o: NingunoMarca: NingunoModelo: NingunoEstilo de Carrocer\u00eda: Ningunokilometro: NingunoTransmisi\u00f3n: NingunoEconom\u00eda de Combustible: NingunoCondicion: NingunoUbicaci\u00f3n: NingunoPrecio: NingunoTren motriz: NingunoMotor: NingunoColor Exterior: NingunoColor Interior: NingunoKPL: NingunoNumero de Stock: NingunoNumero VIN: Ninguno: Ninguno OPCIONES: Sin embargo, No hay opciones Ver Listado A\u00f1o: NingunoMarca: NingunoModelo: NingunoEstilo de Carrocer\u00eda: Ningunokilometro: NingunoTransmisi\u00f3n: NingunoEconom\u00eda de Combustible: NingunoCondicion: NingunoUbicaci\u00f3n: NingunoPrecio: NingunoTren motriz: NingunoMotor: NingunoColor [...]","protected":false},"author":1,"featured_media":0,"parent":0,"menu_order":0,"comment_status":"closed","ping_status":"closed","template":"","meta":{"footnotes":""},"class_list":["post-159","page","type-page","status-publish","hentry"],"_links":{"self":[{"href":"https:\/\/digitallmotors.com\/es_mx\/wp-json\/wp\/v2\/pages\/159","targetHints":{"allow":["GET"]}}],"collection":[{"href":"https:\/\/digitallmotors.com\/es_mx\/wp-json\/wp\/v2\/pages"}],"about":[{"href":"https:\/\/digitallmotors.com\/es_mx\/wp-json\/wp\/v2\/types\/page"}],"author":[{"embeddable":true,"href":"https:\/\/digitallmotors.com\/es_mx\/wp-json\/wp\/v2\/users\/1"}],"replies":[{"embeddable":true,"href":"https:\/\/digitallmotors.com\/es_mx\/wp-json\/wp\/v2\/comments?post=159"}],"version-history":[{"count":5,"href":"https:\/\/digitallmotors.com\/es_mx\/wp-json\/wp\/v2\/pages\/159\/revisions"}],"predecessor-version":[{"id":3981,"href":"https:\/\/digitallmotors.com\/es_mx\/wp-json\/wp\/v2\/pages\/159\/revisions\/3981"}],"wp:attachment":[{"href":"https:\/\/digitallmotors.com\/es_mx\/wp-json\/wp\/v2\/media?parent=159"}],"curies":[{"name":"wp","href":"https:\/\/api.w.org\/{rel}","templated":true}]}}