{"id":173,"date":"2017-09-11T09:05:49","date_gmt":"2017-09-11T13:05:49","guid":{"rendered":"http:\/\/demo.themesuite.com\/automotive-wp\/?page_id=86"},"modified":"2025-07-17T02:18:54","modified_gmt":"2025-07-17T02:18:54","slug":"services","status":"publish","type":"page","link":"https:\/\/digitallmotors.com\/es_mx\/services\/","title":{"rendered":"SERVICIOS"},"content":{"rendered":"<div class=\"wpb-content-wrapper\"><div class=\"vc_row wpb_row vc_row-fluid margin-bottom-none vc_custom_1515782941289\"><div class=\"wpb_column vc_column_container vc_col-sm-8\"><div class=\"vc_column-inner\"><div class=\"wpb_wrapper\">\n\t<div class=\"wpb_text_column wpb_content_element vc_custom_1607714184521\" >\n\t\t<div class=\"wpb_wrapper\">\n\t\t\t<h3>QU\u00c9 PODEMOS HACER POR TI?<\/h3>\n\n\t\t<\/div>\n\t<\/div>\n\n\t<div class=\"wpb_text_column wpb_content_element padding-left-none xs-padding-bottom-40\" >\n\t\t<div class=\"wpb_wrapper\">\n\t\t\t<p><span class='firstcharacter'>DM<\/span>Podras vender o comprar un auto usado dejo de ser un problema, ya puedes vivir la experiencia en DIGITALL MOTORS, vendemos tu auto en consignaci\u00f3n, sin dejar de usarlo. Si \u2026 estas leyendo bien, contacta a los profesionales de \u00abDM\u00bb, juntos dise\u00f1aran la mejor forma de lograrlo adaptando a tus necesidades.<\/p>\n<p>Generaremos un catalogo de fotografias y video de tu veh\u00edculo, lo promocionaremos en todo Mexico, lo venderemos en un precio real de mercado, haremos los tramites necesarios ante la autoridad y listo, vive la experiencia contactamos.<\/p>\n\n\t\t<\/div>\n\t<\/div>\n<\/div><\/div><\/div><div class=\"wpb_column vc_column_container vc_col-sm-4\"><div class=\"vc_column-inner\"><div class=\"wpb_wrapper\">\n\t<div class=\"wpb_text_column wpb_content_element vc_custom_1607713768694\" >\n\t\t<div class=\"wpb_wrapper\">\n\t\t\t<h3>NUESTRAS VENTAJAS<\/h3>\n\n\t\t<\/div>\n\t<\/div>\n<ul class='shortcode type-checkboxes'><li><span><i class='fa fa-check'><\/i><\/span>\n\t<div class=\"wpb_text_column wpb_content_element\" >\n\t\t<div class=\"wpb_wrapper\">\n\t\t\t<p>Seguridad con tu dinero<\/p>\n\n\t\t<\/div>\n\t<\/div>\n<\/li><li><span><i class='fa fa-check'><\/i><\/span>\n\t<div class=\"wpb_text_column wpb_content_element\" >\n\t\t<div class=\"wpb_wrapper\">\n\t\t\t<p>Discreci\u00f3n absoluta con nuestros clientes<\/p>\n\n\t\t<\/div>\n\t<\/div>\n<\/li><li><span><i class='fa fa-check'><\/i><\/span>\n\t<div class=\"wpb_text_column wpb_content_element\" >\n\t\t<div class=\"wpb_wrapper\">\n\t\t\t<p>M\u00faltiples formatos de cr\u00e9dito<\/p>\n\n\t\t<\/div>\n\t<\/div>\n<\/li><li><span><i class='fa fa-check'><\/i><\/span>\n\t<div class=\"wpb_text_column wpb_content_element\" >\n\t\t<div class=\"wpb_wrapper\">\n\t\t\t<p>Pagos con tarjetas de credito VISA, Master Card y American Express<\/p>\n\n\t\t<\/div>\n\t<\/div>\n<\/li><li><span><i class='fa fa-check'><\/i><\/span>\n\t<div class=\"wpb_text_column wpb_content_element\" >\n\t\t<div class=\"wpb_wrapper\">\n\t\t\t<p>Pagos con PayPal<\/p>\n\n\t\t<\/div>\n\t<\/div>\n<\/li><li><span><i class='fa fa-check'><\/i><\/span>\n\t<div class=\"wpb_text_column wpb_content_element\" >\n\t\t<div class=\"wpb_wrapper\">\n\t\t\t<p>Traslado profesional y seguro en todo M\u00e9xico<\/p>\n\n\t\t<\/div>\n\t<\/div>\n<\/li><li><span><i class='fa fa-check'><\/i><\/span>\n\t<div class=\"wpb_text_column wpb_content_element\" >\n\t\t<div class=\"wpb_wrapper\">\n\t\t\t<p>Seguros<\/p>\n\n\t\t<\/div>\n\t<\/div>\n<\/li><\/ul><\/div><\/div><\/div><\/div><div class=\"vc_row wpb_row vc_row-fluid margin-bottom-none padding-bottom-10 margin-top-30\"><div class=\"wpb_column vc_column_container vc_col-sm-12\"><div class=\"vc_column-inner\"><div class=\"wpb_wrapper\">\n\t<div class=\"wpb_text_column wpb_content_element vc_custom_1607713301543\" >\n\t\t<div class=\"wpb_wrapper\">\n\t\t\t<h2 class=\"margin-top-none normal_to_thick\" style=\"letter-spacing: -1.5px; font-size: 30px; color: #c7081b; line-height: 33px;\">Consulta los detalles de nuestros servicios llamando al<span style='font-weight: 800;'> 8681251977 y 8119341579<\/h2>\n<h2 class=\"margin-top-none normal_to_thick\" style=\"letter-spacing: -1.5px; font-size: 30px; color: #c7081b; line-height: 33px;\"><\/span><\/h2>\n<h2 class=\"margin-top-none normal_to_thick\"><\/h2>\n\n\t\t<\/div>\n\t<\/div>\n<\/div><\/div><\/div><\/div><div class=\"vc_row wpb_row vc_row-fluid margin-bottom-none padding-bottom-40\"><div class=\"wpb_column vc_column_container vc_col-sm-3\"><div class=\"vc_column-inner\"><div class=\"wpb_wrapper\"><div class='automotive-featured-panel margin-top-25'><h5>Quiero vender Mi Auto<\/h5><img src='https:\/\/digitallmotors.com\/wp-content\/uploads\/2014\/11\/android-icon1-12-1.png' data-hoverimg='https:\/\/digitallmotors.com\/wp-content\/uploads\/2014\/11\/android-icon-hover1-12-1.png' width=\"56\" height=\"66\" alt=\"\" class=\"no_border\"><p>Beneficios de Vender un Auto con Autos Regio<\/p><\/div><\/div><\/div><\/div><div class=\"wpb_column vc_column_container vc_col-sm-3\"><div class=\"vc_column-inner\"><div class=\"wpb_wrapper\"><div class='automotive-featured-panel margin-top-25'><h5>Buscar Tu Auto<\/h5><img src='https:\/\/digitallmotors.com\/wp-content\/uploads\/2014\/11\/icon-windows-81-5-1.png' data-hoverimg='https:\/\/digitallmotors.com\/wp-content\/uploads\/2014\/11\/icon-windows-8-hover1-5-1.png' width=\"66\" height=\"66\" alt=\"\" class=\"no_border\"><p>Beneficios de Comprar con Digitall Motors son muchos no lo pienses<\/p><\/div><\/div><\/div><\/div><div class=\"wpb_column vc_column_container vc_col-sm-3\"><div class=\"vc_column-inner\"><div class=\"wpb_wrapper\"><div class='automotive-featured-panel margin-top-25'><h5>\u00bfC\u00f3mo funciona?<\/h5><img src='https:\/\/digitallmotors.com\/wp-content\/uploads\/2014\/11\/twitter-icon1-5-1.png' data-hoverimg='https:\/\/digitallmotors.com\/wp-content\/uploads\/2014\/11\/twitter-icon-hover1-5-1.png' width=\"80\" height=\"66\" alt=\"\" class=\"no_border\"><p>Vende tu auto sin mover un dedo (bueno tal vez los dedos si, pero nada m\u00e1s).<\/p><\/div><\/div><\/div><\/div><div class=\"wpb_column vc_column_container vc_col-sm-3\"><div class=\"vc_column-inner\"><div class=\"wpb_wrapper\"><div class='automotive-featured-panel margin-top-25'><h5>Garant\u00edas<\/h5><img loading=\"lazy\" src='https:\/\/digitallmotors.com\/wp-content\/uploads\/2014\/11\/you-tube1-5-1.png' data-hoverimg='https:\/\/digitallmotors.com\/wp-content\/uploads\/2014\/11\/you-tube-hover1-5-1.png' width=\"66\" height=\"66\" alt=\"\" class=\"no_border\"><p>\u00a1No tomes riesgos, ll\u00e9vate tu auto con garant\u00eda completa!<\/p><\/div><\/div><\/div><\/div><\/div><div class=\"vc_row wpb_row vc_row-fluid fullwidth_element margin-bottom-none padding-bottom-40 margin-top-30 vc_custom_1410986372046\"><div class=\"wpb_column vc_column_container vc_col-sm-12\"><div class=\"vc_column-inner\"><div class=\"wpb_wrapper\"><div class=\"row parallax_parent\">\r\n\t<div class=\"parallax_scroll lazy-loading-background-image clearfix\" data-velocity=\"-.3\"\r\n\t     data-offset=\"0\" data-src=\"https:\/\/digitallmotors.com\/wp-content\/uploads\/2014\/11\/parallax31-5-1-scaled.jpg\">\r\n\t\t<div class=\"overlay\" style=\"background-color: rgba(255,255,255,0.65); color: #2d2d2d;\">\r\n\t\t\t<div class=\"padding-vertical-10\">\r\n\r\n\t\t\t\t<h1>VENDER TU AUTO NUNCA HA SIDO M\u00c1S F\u00c1CIL<\/h1>\r\n\t\t\t\t<div class=\"container\">\r\n\r\n\t\t\t\t\t<div class=\"vc_row wpb_row vc_inner vc_row-fluid margin-vertical-60\"><div class=\"wpb_column vc_column_container vc_col-sm-3\"><div class=\"vc_column-inner\"><div class=\"wpb_wrapper\"><i class=\"fa fa fa-car\"><\/i><span class=\"animate_number margin-vertical-15\"\r\n\t>\r\n    <span class=\"number\" data-separator=\",\">6000<\/span><\/span>\n\t<div class=\"wpb_text_column wpb_content_element margin-bottom-none\" >\n\t\t<div class=\"wpb_wrapper\">\n\t\t\t<p style=\"text-align: center;\">Autos Vendidos<\/p>\n\n\t\t<\/div>\n\t<\/div>\n<\/div><\/div><\/div><div class=\"wpb_column vc_column_container vc_col-sm-3\"><div class=\"vc_column-inner\"><div class=\"wpb_wrapper\"><i class=\"fa fa fa-shopping-cart\"><\/i><span class=\"animate_number margin-vertical-15\"\r\n\t>\r\n    +<span class=\"number\" data-separator=\",\">5000<\/span><\/span>\n\t<div class=\"wpb_text_column wpb_content_element margin-bottom-none\" >\n\t\t<div class=\"wpb_wrapper\">\n\t\t\t<p style=\"text-align: center;\">Cantidad en Creditos<\/p>\n\n\t\t<\/div>\n\t<\/div>\n<\/div><\/div><\/div><div class=\"wpb_column vc_column_container vc_col-sm-3\"><div class=\"vc_column-inner\"><div class=\"wpb_wrapper\"><i class=\"fa fa fa-users\"><\/i><span class=\"animate_number margin-vertical-15\"\r\n\t>\r\n    <span class=\"number\" data-separator=\",\">100<\/span>%<\/span>\n\t<div class=\"wpb_text_column wpb_content_element margin-bottom-none\" >\n\t\t<div class=\"wpb_wrapper\">\n\t\t\t<p style=\"text-align: center;\">Clientes satisfechos<\/p>\n\n\t\t<\/div>\n\t<\/div>\n<\/div><\/div><\/div><div class=\"wpb_column vc_column_container vc_col-sm-3\"><div class=\"vc_column-inner\"><div class=\"wpb_wrapper\"><i class=\"fa fa fa-tint\"><\/i><span class=\"animate_number margin-vertical-15\"\r\n\t>\r\n    <span class=\"number\" data-separator=\",\">3600<\/span><\/span>\n\t<div class=\"wpb_text_column wpb_content_element margin-bottom-none\" >\n\t\t<div class=\"wpb_wrapper\">\n\t\t\t<p style=\"text-align: center;\">polizas Vendidas<\/p>\n\n\t\t<\/div>\n\t<\/div>\n<\/div><\/div><\/div><\/div>\r\n\t\t\t\t<\/div>\r\n\t\t\t<\/div>\r\n\t\t<\/div>\r\n\t<\/div>\r\n<\/div>\r\n<\/div><\/div><\/div><\/div><div class=\"vc_row wpb_row vc_row-fluid margin-top-30 vc_custom_1410986382806\"><div class=\"wpb_column vc_column_container vc_col-sm-12\"><div class=\"vc_column-inner\"><div class=\"wpb_wrapper\">\n\t<div class=\"wpb_text_column wpb_content_element vc_custom_1607714449560\" >\n\t\t<div class=\"wpb_wrapper\">\n\t\t\t<h2 class=\"margin-top-none\" style=\"letter-spacing: -1.5px; font-size: 30px; line-height: 33px; color: #c7081b;\">COMPRAR UN AUTO SEMINUEVO<span style='font-weight: 800;'> NUNCA HA SIDO M\u00c1S F\u00c1CIL<\/span><\/h2>\n\n\t\t<\/div>\n\t<\/div>\n<\/div><\/div><\/div><\/div><div class=\"vc_row wpb_row vc_row-fluid margin-bottom-none\"><div class=\"wpb_column vc_column_container vc_col-sm-4\"><div class=\"vc_column-inner\"><div class=\"wpb_wrapper\"><div class='detail-service'><div class='details margin-top-25'> <h5><i class='fa fa-wrench'><\/i>CONSIGNA TU AUTO<\/h5><p class='padding-top-10 margin-bottom-none'>Te ofrecemos 20 a\u00f1os de experiencia en venta de autom\u00f3viles a un clik, solo contacta a un consultor DIGITALL MOTORS y te ayudara a que vendas tu auto al mejor precio posible y sin intermediarios. Todo esto por la comisi\u00f3n mas baja del mercado 3 % y sin riesgos.<\/p><\/div><\/div><\/div><\/div><\/div><div class=\"wpb_column vc_column_container vc_col-sm-4\"><div class=\"vc_column-inner\"><div class=\"wpb_wrapper\"><div class='detail-service'><div class='details margin-top-25'> <h5><i class='fa fa-trophy'><\/i>PLANES DE CR\u00c9DITO A TU MEDIDA<\/h5><p class='padding-top-10 margin-bottom-none'>En DIGITALL MOTORS encontraras diferentes opciones de cr\u00e9dito para comprar el auto de tus sue\u00f1os, con los mejores precios y el respaldo de bancos de gran prestigio. Mal historial crediticio? Todos cometemos errores, en Autos Regio es posible comprar un auto.<\/p><\/div><\/div><\/div><\/div><\/div><div class=\"wpb_column vc_column_container vc_col-sm-4\"><div class=\"vc_column-inner\"><div class=\"wpb_wrapper\"><div class='detail-service'><div class='details margin-top-25'> <h5><i class='fa fa-music'><\/i>SEMINUEVOS CERTIFICADOS<\/h5><p class='padding-top-10 margin-bottom-none'>En DIGITALL MOTORS encontraras solo autos certificados, todos nuestros autos cumplen, normas de calidad y seguridad. Mas de 20 puntos de inspecci\u00f3n mec\u00e1nica y certificaci\u00f3n de documentos ante autoridades.<\/p><\/div><\/div><\/div><\/div><\/div><\/div><div class=\"vc_row wpb_row vc_row-fluid margin-bottom-none padding-bottom-40 vc_custom_1410986835459\"><div class=\"wpb_column vc_column_container vc_col-sm-4\"><div class=\"vc_column-inner\"><div class=\"wpb_wrapper\"><div class='detail-service'><div class='details margin-top-25'> <h5><i class='fa fa-coffee'><\/i>PUESTO EN TU CASA<\/h5><p class='padding-top-10 margin-bottom-none'>Solo en DIGITALL MOTORS te llevamos el auto de tus sue\u00f1os a la puerta de tu casa. Comprar un auto usado ya no es complicado, en DIGITALL MOTORS nos encargamos del traslado del auto en todo MEXICO, as\u00ed como tramites de seguro.<\/p><\/div><\/div><\/div><\/div><\/div><div class=\"wpb_column vc_column_container vc_col-sm-4\"><div class=\"vc_column-inner\"><div class=\"wpb_wrapper\"><div class='detail-service'><div class='details margin-top-25'> <h5><i class='fa fa-truck'><\/i>VENTA DE ACTIVOS DE EMPRESAS<\/h5><p class='padding-top-10 margin-bottom-none'>Todas las empresas tienen \u00e1rea de compras, pero ninguna tiene un \u00e1rea especializada en venta de activos\u2026 hasta hoy. En DIGITALL MOTORS nos especializamos en venta de activos automotrices, todo tipo de autos, utilitarios, de lujo o blindados.<\/p><\/div><\/div><\/div><\/div><\/div><div class=\"wpb_column vc_column_container vc_col-sm-4\"><div class=\"vc_column-inner\"><div class=\"wpb_wrapper\"><div class='detail-service'><div class='details margin-top-25'> <h5><i class='fa fa-cog'><\/i>SEGURO<\/h5><p class='padding-top-10 margin-bottom-none'>El equipo de DIGITALL MOTORS gestionara la mejor cobertura de seguro para tu nuevo auto, gracias a los convenios con las mejores compa\u00f1\u00edas de seguros en M\u00e9xico excelente precios en flotilla.<\/p><\/div><\/div><\/div><\/div><\/div><\/div><div class=\"vc_row wpb_row vc_row-fluid margin-bottom-none margin-top-30\"><div class=\"wpb_column vc_column_container vc_col-sm-12\"><div class=\"vc_column-inner\"><div class=\"wpb_wrapper\">\n\t<div class=\"wpb_text_column wpb_content_element vc_custom_1607714961314\" >\n\t\t<div class=\"wpb_wrapper\">\n\t\t\t<h3>ALGUNAS DE NUESTRAS MARCAS DESTACADAS<\/h3>\n\n\t\t<\/div>\n\t<\/div>\n<div class=\"featured-brand\"><div class=\"arrow2 pull-right clearfix slideControls\"><span class=\"next-btn\"><\/span><span class=\"prev-btn\"><\/span><\/div><div class=\"carousel-slider featured_slider\"><div class='slide hoverimg'><a href='#' style='background-image: url(https:\/\/digitallmotors.com\/wp-content\/uploads\/2014\/11\/jquery1-5-1.png);' data-hoverimg='https:\/\/digitallmotors.com\/wp-content\/uploads\/2014\/11\/jquery-hover1-5-1.png'><\/a><\/div><div class='slide hoverimg'><a href='#' style='background-image: url(https:\/\/digitallmotors.com\/wp-content\/uploads\/2014\/11\/html51-5-1.png);' data-hoverimg='https:\/\/digitallmotors.com\/wp-content\/uploads\/2014\/11\/htm5-hover1-5-1.png'><\/a><\/div><div class='slide hoverimg'><a href='#' style='background-image: url(https:\/\/digitallmotors.com\/wp-content\/uploads\/2014\/11\/mysql1-5-1.png);' data-hoverimg='https:\/\/digitallmotors.com\/wp-content\/uploads\/2014\/11\/mysql-hover1-5-1.png'><\/a><\/div><div class='slide hoverimg'><a href='#' style='background-image: url(https:\/\/digitallmotors.com\/wp-content\/uploads\/2014\/11\/javascript1-5-1.png);' data-hoverimg='https:\/\/digitallmotors.com\/wp-content\/uploads\/2014\/11\/javascript-hover1-5-1.png'><\/a><\/div><div class='slide hoverimg'><a href='#' style='background-image: url(https:\/\/digitallmotors.com\/wp-content\/uploads\/2014\/11\/wordpress1-5-1.png);' data-hoverimg='https:\/\/digitallmotors.com\/wp-content\/uploads\/2014\/11\/wordpress-hover1-5-1.png'><\/a><\/div><div class='slide hoverimg'><a href='#' style='background-image: url(https:\/\/digitallmotors.com\/wp-content\/uploads\/2014\/11\/php1-5-1.png);' data-hoverimg='https:\/\/digitallmotors.com\/wp-content\/uploads\/2014\/11\/php-hover1-5-1.png'><\/a><\/div><\/div><\/div><\/div><\/div><\/div><\/div>\n<\/div>","protected":false},"excerpt":{"rendered":"QU\u00c9 PODEMOS HACER POR TI? DMPodras vender o comprar un auto usado dejo de ser un problema, ya puedes vivir la experiencia en DIGITALL MOTORS, vendemos tu auto en consignaci\u00f3n, sin dejar de usarlo. Si \u2026 estas leyendo bien, contacta a los profesionales de \"DM\", juntos dise\u00f1aran la mejor forma de lograrlo adaptando a tus [...]","protected":false},"author":1,"featured_media":0,"parent":0,"menu_order":0,"comment_status":"closed","ping_status":"closed","template":"","meta":{"footnotes":""},"class_list":["post-173","page","type-page","status-publish","hentry"],"_links":{"self":[{"href":"https:\/\/digitallmotors.com\/es_mx\/wp-json\/wp\/v2\/pages\/173","targetHints":{"allow":["GET"]}}],"collection":[{"href":"https:\/\/digitallmotors.com\/es_mx\/wp-json\/wp\/v2\/pages"}],"about":[{"href":"https:\/\/digitallmotors.com\/es_mx\/wp-json\/wp\/v2\/types\/page"}],"author":[{"embeddable":true,"href":"https:\/\/digitallmotors.com\/es_mx\/wp-json\/wp\/v2\/users\/1"}],"replies":[{"embeddable":true,"href":"https:\/\/digitallmotors.com\/es_mx\/wp-json\/wp\/v2\/comments?post=173"}],"version-history":[{"count":18,"href":"https:\/\/digitallmotors.com\/es_mx\/wp-json\/wp\/v2\/pages\/173\/revisions"}],"predecessor-version":[{"id":5362,"href":"https:\/\/digitallmotors.com\/es_mx\/wp-json\/wp\/v2\/pages\/173\/revisions\/5362"}],"wp:attachment":[{"href":"https:\/\/digitallmotors.com\/es_mx\/wp-json\/wp\/v2\/media?parent=173"}],"curies":[{"name":"wp","href":"https:\/\/api.w.org\/{rel}","templated":true}]}}