{"id":2,"date":"2022-03-28T20:33:45","date_gmt":"2022-03-28T20:33:45","guid":{"rendered":"https:\/\/digitallmotors.com\/?page_id=2"},"modified":"2025-07-17T01:40:41","modified_gmt":"2025-07-17T01:40:41","slug":"aviso-de-privacidad","status":"publish","type":"page","link":"https:\/\/digitallmotors.com\/es_mx\/aviso-de-privacidad\/","title":{"rendered":"AVISO DE PRIVACIDAD"},"content":{"rendered":"<div class=\"wpb-content-wrapper\"><div class=\"vc_row wpb_row vc_row-fluid\"><div class=\"wpb_column vc_column_container vc_col-sm-12\"><div class=\"vc_column-inner\"><div class=\"wpb_wrapper\">\n\t<div class=\"wpb_text_column wpb_content_element\" >\n\t\t<div class=\"wpb_wrapper\">\n\t\t\t<h1 style=\"text-align: center;\"><strong>Aviso de Privacidad<\/strong><\/h1>\n<p>&nbsp;<\/p>\n<p>&nbsp;<\/p>\n<p>Los Datos Personales, Sensibles, Financieros y Patrimoniales (en adelante los \u201cDatos Personales\u201d) que nos proporciona, son tratados por Digitall Motors, S.A. de C.V. (\u201cDigitall Motors\u201d), con las siguientes finalidades primarias:<\/p>\n<p>Si Usted es el Vendedor de un Autom\u00f3vil:<\/p>\n<p>&nbsp;<\/p>\n<ul>\n<li>Para acreditar la titularidad de los derechos del Autom\u00f3vil que se pretende anunciar en venta en el Portal;<\/li>\n<li>Para acreditar que el Autom\u00f3vil no se encuentra listado en alguna base de datos como robado;<\/li>\n<li>Para contactarlo a Usted en relaci\u00f3n con la venta del Autom\u00f3vil que se pretende vender mediante el Portal;<\/li>\n<li>Para concertar citas para pruebas de manejo del Autom\u00f3vil que pretende vender mediante el Portal;<\/li>\n<li>Para realizar los tr\u00e1mites de cambio de propietario del Autom\u00f3vil en caso de que el mismo sea vendido mediante el Portal;<\/li>\n<li>Para elaborar los contratos necesarios para prestar el servicio;<\/li>\n<li>Para enviarle informes relativos al estatus del proceso de venta de su Autom\u00f3vil;<\/li>\n<li>Para enviarle boletines informativos, promociones e informaci\u00f3n comercial de Autos Regio o de sus socios comerciales;<\/li>\n<li>Para realizar dep\u00f3sitos en sus cuentas bancarias, derivado de la venta de su Autom\u00f3vil;<\/li>\n<li>Para contactarle en relaci\u00f3n a cualquier duda o aclaraci\u00f3n relativa a las condiciones mec\u00e1nicas, est\u00e9ticas, legales y operacionales del Autom\u00f3vil que se pretende vender en el Portal<\/li>\n<\/ul>\n<p>&nbsp;<\/p>\n<p>Si usted es el Comprador de un Autom\u00f3vil:<\/p>\n<p>&nbsp;<\/p>\n<ul>\n<li>Para contactarle en caso de localizar un Autom\u00f3vil que pudiera ser de su inter\u00e9s;<\/li>\n<li>Para hacer una cita de prueba de manejo de un Autom\u00f3vil;<\/li>\n<li>Para enviarle boletines informativos, promociones e informaci\u00f3n comercial de Autos Regio o de sus socios comerciales;<\/li>\n<li>Para aclararle cualquier duda relativa a las condiciones mec\u00e1nicas, est\u00e9ticas, legales y operacionales del Autom\u00f3vil que se pretende adquirir, seg\u00fan sea informado por el propietario del mismo;<\/li>\n<li>Para realizar el cambio de propietario del Autom\u00f3vil en caso de adquirirlo mediante el Portal;<\/li>\n<li>Para elaborar los contratos necesarios para prestar el servicio;<\/li>\n<li>Para entregarle el Autom\u00f3vil que llegue a adquirir mediante el Portal;<\/li>\n<\/ul>\n<p>&nbsp;<\/p>\n<p>Nos abstendremos de vender, arrendar o alquilar sus Datos Personales. Le informamos que podremos llegar a transferir sus Datos Personales con<\/p>\n<p>empresas nacionales o internacionales del mismo grupo, como subsidiarias, _filiales, afiliadas, controladas o controladoras de Digitall Motors. Asimismo,<\/p>\n<p>podremos compartir dicha informaci\u00f3n con terceros, consultores o auditores nacionales o extranjeros para llevar a cabo la adecuada operaci\u00f3n de Digitall Motors<\/p>\n<p>conforme a su objeto, actividades comerciales y pol\u00edticas internas, la realizaci\u00f3n de estudios de debida diligencia o \u201cdue diligence\u201d en materia de<\/p>\n<p>anticorrupci\u00f3n (cuando as\u00ed sea requerido o necesario), as\u00ed como para realizar procesos de monitoreo para el cumplimiento de la legislaci\u00f3n aplicable y de<\/p>\n<p>nuestras Pol\u00edticas, procedimientos, lineamientos, manuales o protocolos internos. Finalmente, y de ser necesario, podremos compartir sus Datos<\/p>\n<p>Personales para dar cumplimiento a las obligaciones contempladas en la legislaci\u00f3n aplicable y\/o en cumplimiento a requerimientos de las autoridades<\/p>\n<p>municipales, estatales y federales.<\/p>\n<p>En virtud de lo anterior, dichas personas no podr\u00e1n utilizar la informaci\u00f3n proporcionada por Digitall Motors de manera diversa a la establecida en el presente<\/p>\n<p>Aviso de Privacidad. Estas transferencias de Datos Personales ser\u00e1n realizadas con todas las medidas de seguridad apropiadas, de conformidad con los<\/p>\n<p>principios contenidos en la Ley Federal de Protecci\u00f3n de Datos Personales en Posesi\u00f3n de los Particulares, su Reglamento y los Lineamientos del Aviso de<\/p>\n<p>Privacidad (en adelante y conjuntamente \u201cLa Legislaci\u00f3n\u201d).<\/p>\n<p>&nbsp;<\/p>\n<p>Los Datos Personales que nos ha proporcionado ser\u00e1n conservados durante todo el per\u00edodo de la relaci\u00f3n comercial sostenida y, una vez concluida,<\/p>\n<p>podr\u00e1n ser conservados por un per\u00edodo adicional de hasta 13 a\u00f1os en medios f\u00edsicos y\/o electr\u00f3nicos para posteriormente ser descartados a efecto de<\/p>\n<p>evitar un tratamiento indebido de los mismos.<\/p>\n<p>&nbsp;<\/p>\n<p>Sus Datos Personales ser\u00e1n tratados con base en los principios de licitud, consentimiento, informaci\u00f3n, calidad, finalidad, lealtad, proporcionalidad y<\/p>\n<p>responsabilidad en t\u00e9rminos de la Legislaci\u00f3n. Se mantendr\u00e1 la confidencialidad de sus datos personales estableciendo y manteniendo de forma efectiva<\/p>\n<p>las medidas de seguridad administrativas, t\u00e9cnicas y f\u00edsicas, para evitar su da\u00f1o, p\u00e9rdida, alteraci\u00f3n, destrucci\u00f3n, uso, acceso o divulgaci\u00f3n indebida.<\/p>\n<p>&nbsp;<\/p>\n<p>En caso de que ocurra una vulneraci\u00f3n de seguridad en cualquier fase del tratamiento de sus Datos Personales, as\u00ed como en caso de realizar alguna<\/p>\n<p>modificaci\u00f3n o actualizaci\u00f3n al presente Aviso de Privacidad Digitall Motors lo har\u00e1 del conocimiento general, a trav\u00e9s de las siguientes p\u00e1ginas de internet:<\/p>\n<p><a href=\"https:\/\/digitallmotors.com\/es_mx\/aviso-de-pribacidad\/\">https:\/\/digitallmotors.com\/aviso-de-pribacidad\/<\/a><\/p>\n<p>&nbsp;<\/p>\n<p><strong>Procedimiento para dar atenci\u00f3n a las Solicitudes de Revocaci\u00f3n y de Derechos ARCO (Acceso, Rectificaci\u00f3n, Cancelaci\u00f3n y Oposici\u00f3n)<\/strong><\/p>\n<p>Los Datos Personales que nos proporcione en su solicitud de Derecho ARCO, ser\u00e1n tratados con la siguiente finalidad primaria:<\/p>\n<p>&nbsp;<\/p>\n<ul>\n<li>Dar tr\u00e1mite, investigar y responder a la solicitud de Derecho ARCO;<\/li>\n<\/ul>\n<p>&nbsp;<\/p>\n<p>Para iniciar el proceso de solicitud de Derecho ARCO (Derecho de Acceso, Rectificaci\u00f3n, Cancelaci\u00f3n, u Oposici\u00f3n de sus Datos Personales), y para la<\/p>\n<p>revocaci\u00f3n de su consentimiento al tratamiento de sus Datos Personales, deber\u00e1 llenar debidamente el formulario que ponemos a su disposici\u00f3n en la<\/p>\n<p>siguiente modalidad con el fin de que se le proporcione el folio correspondiente a su solicitud:<\/p>\n<p>A trav\u00e9s de nuestra p\u00e1gina de internet: https:\/\/www.digitallmotors.com\/aviso-de-privacidad<\/p>\n<p>&nbsp;<\/p>\n<p>Asimismo, tambi\u00e9n podr\u00e1 ejercer un Derecho ARCO por medio de un escrito dirigido a la Oficina de Privacidad a la siguiente direcci\u00f3n: Privada Franco 110,<\/p>\n<p>Colonia del Valle, C.P. 6269, San Pedro Garza Garc\u00eda, Nuevo Le\u00f3n.<\/p>\n<p>Dicho escrito deber\u00e1 contener e incluir lo siguiente:<\/p>\n<p>&nbsp;<\/p>\n<ul>\n<li>El nombre completo del titular y su direcci\u00f3n de correo electr\u00f3nico o domicilio en que desee recibir la respuesta a su solicitud.<\/li>\n<li>Una descripci\u00f3n clara, precisa y espec\u00edfica de los Datos Personales respecto de los que se busca ejercer alguno de los derechos mencionados, as\u00ed como<\/li>\n<\/ul>\n<p>el detalle de cualquier elemento o documento que facilite la localizaci\u00f3n de los datos personales.<\/p>\n<ul>\n<li>Copia legible de una identificaci\u00f3n oficial vigente del titular y, trat\u00e1ndose de un tr\u00e1mite llevado a cabo por un representante legal, se deber\u00e1 adjuntar<\/li>\n<\/ul>\n<p>adicionalmente una carta poder firmada ante 2 testigos o una copia del instrumento p\u00fablico correspondiente, as\u00ed como una copia de la identificaci\u00f3n<\/p>\n<p>oficial vigente del representante legal.<\/p>\n<ul>\n<li>En el caso de un Derecho ARCO de Rectificaci\u00f3n de Datos Personales, se deber\u00e1 adjuntar la documentaci\u00f3n que sustente la solicitud.<\/li>\n<\/ul>\n<p>&nbsp;<\/p>\n<p>Los t\u00e9rminos y plazos indicados en los p\u00e1rrafos anteriores, podr\u00e1n ser ampliados una sola vez en caso de ser necesario y se le deber\u00e1 notificar a trav\u00e9s de<\/p>\n<p>los medios de contacto que haya establecido.<\/p>\n<p>&nbsp;<\/p>\n<p>Una vez presentada su solicitud en el formato preestablecido, la Oficina de Privacidad podr\u00e1 solicitarle en un periodo no mayor a 5 d\u00edas h\u00e1biles, la<\/p>\n<p>informaci\u00f3n y\/o documentaci\u00f3n necesaria para su seguimiento, as\u00ed como para la acreditaci\u00f3n de su identidad, de acuerdo a los t\u00e9rminos que marca la<\/p>\n<p>Legislaci\u00f3n. Por lo que usted contar\u00e1 con 10 d\u00edas h\u00e1biles posteriores a su recepci\u00f3n, para atender este requerimiento. De lo contrario su solicitud se<\/p>\n<p>tendr\u00e1 por no presentada.<\/p>\n<p>&nbsp;<\/p>\n<p>En un plazo posterior de 20 d\u00edas h\u00e1biles dicha Oficina emitir\u00e1 una resoluci\u00f3n, la cual le ser\u00e1 notificada por los medios de contacto que haya establecido en<\/p>\n<p>su solicitud.<\/p>\n<p>&nbsp;<\/p>\n<p>Una vez emitida la resoluci\u00f3n y en caso de que la misma sea procedente (parcial o totalmente), la Oficina de Privacidad contar\u00e1 con 15 d\u00edas h\u00e1biles para<\/p>\n<p>adoptar dicha resoluci\u00f3n.<\/p>\n<p>&nbsp;<\/p>\n<p>Los t\u00e9rminos y plazos indicados en los p\u00e1rrafos anteriores, podr\u00e1n ser ampliados una sola vez en caso de ser necesario y se le deber\u00e1 notificar a trav\u00e9s de<\/p>\n<p>los medios de contacto que haya establecido.<\/p>\n<p>&nbsp;<\/p>\n<p>La revocaci\u00f3n y el ejercicio de los Derechos ARCO ser\u00e1n gratuitos, debiendo usted cubrir \u00fanicamente los gastos justificados de env\u00edo, o el costo de<\/p>\n<p>reproducci\u00f3n en copias u otros formatos establecidos en su solicitud.<\/p>\n<p>&nbsp;<\/p>\n<p>Los Datos Personales que nos proporcione en su solicitud de Derechos ARCO podr\u00e1n ser conservados por un per\u00edodo de hasta 5 a\u00f1os en medios f\u00edsicos<\/p>\n<p>y\/o electr\u00f3nicos y posteriormente descartados a efecto de evitar un tratamiento indebido de los mismos.<\/p>\n<p><strong>Monterrey<\/strong><\/p>\n<p><strong>MTY (81).19527640 (81).19341579<\/strong><\/p>\n<p><!-- \/wp:post-content --><\/p>\n<p><!-- wp:quote --><\/p>\n\n\t\t<\/div>\n\t<\/div>\n<\/div><\/div><\/div><\/div><\/div>","protected":false},"excerpt":{"rendered":"Aviso de Privacidad &nbsp; &nbsp; Los Datos Personales, Sensibles, Financieros y Patrimoniales (en adelante los \u201cDatos Personales\u201d) que nos proporciona, son tratados por Digitall Motors, S.A. de C.V. (\u201cDigitall Motors\u201d), con las siguientes finalidades primarias: Si Usted es el Vendedor de un Autom\u00f3vil: &nbsp; Para acreditar la titularidad de los derechos del Autom\u00f3vil que se [...]","protected":false},"author":1,"featured_media":0,"parent":0,"menu_order":0,"comment_status":"closed","ping_status":"closed","template":"","meta":{"footnotes":""},"class_list":["post-2","page","type-page","status-publish","hentry"],"_links":{"self":[{"href":"https:\/\/digitallmotors.com\/es_mx\/wp-json\/wp\/v2\/pages\/2","targetHints":{"allow":["GET"]}}],"collection":[{"href":"https:\/\/digitallmotors.com\/es_mx\/wp-json\/wp\/v2\/pages"}],"about":[{"href":"https:\/\/digitallmotors.com\/es_mx\/wp-json\/wp\/v2\/types\/page"}],"author":[{"embeddable":true,"href":"https:\/\/digitallmotors.com\/es_mx\/wp-json\/wp\/v2\/users\/1"}],"replies":[{"embeddable":true,"href":"https:\/\/digitallmotors.com\/es_mx\/wp-json\/wp\/v2\/comments?post=2"}],"version-history":[{"count":9,"href":"https:\/\/digitallmotors.com\/es_mx\/wp-json\/wp\/v2\/pages\/2\/revisions"}],"predecessor-version":[{"id":5358,"href":"https:\/\/digitallmotors.com\/es_mx\/wp-json\/wp\/v2\/pages\/2\/revisions\/5358"}],"wp:attachment":[{"href":"https:\/\/digitallmotors.com\/es_mx\/wp-json\/wp\/v2\/media?parent=2"}],"curies":[{"name":"wp","href":"https:\/\/api.w.org\/{rel}","templated":true}]}}